{"id":305,"date":"2023-11-08T14:10:22","date_gmt":"2023-11-08T14:10:22","guid":{"rendered":"https:\/\/www.lunacasino.com\/da-dk\/\/?page_id=305"},"modified":"2024-01-04T06:21:56","modified_gmt":"2024-01-04T06:21:56","slug":"kontakt-os","status":"publish","type":"page","link":"https:\/\/www.lunacasino.com\/da-dk\/kontakt-os\/","title":{"rendered":"Kontakt os"},"content":{"rendered":"\n<p>Du kan e-maile alle sp\u00f8rgsm\u00e5l eller problemer, du m\u00e5tte have, til: <a href=\"mailto:support@lunacasino.com\">support@lunacasino.com<\/a><\/p>\n\n\n\n<p>Vores supportteam venter p\u00e5 at hj\u00e6lpe dig, s\u00e5 din oplevelse hos Luna Casino bliver s\u00e5 behagelig og problemfri som muligt.<\/p>\n\n\n\n<p>Bem\u00e6rk venligst, at support p\u00e5 forskellige sprog ikke altid vil v\u00e6re tilg\u00e6ngelig 24\/7.<\/p>\n\n\n\n<p>Vi anbefaler, at hvis du er i stand til det, bedes du skrive din foresp\u00f8rgsel p\u00e5 engelsk for at modtage et \u00f8jeblikkeligt svar.<\/p>\n","protected":false},"excerpt":{"rendered":"<p>Du kan e-maile alle sp\u00f8rgsm\u00e5l eller problemer, du m\u00e5tte have, til: support@lunacasino.com Vores supportteam venter p\u00e5 at hj\u00e6lpe dig, s\u00e5 din oplevelse hos Luna Casino bliver s\u00e5 behagelig og problemfri som muligt. Bem\u00e6rk venligst, at support p\u00e5 forskellige sprog ikke altid vil v\u00e6re tilg\u00e6ngelig 24\/7. Vi anbefaler, at hvis du er i stand til det, [&hellip;]<\/p>\n","protected":false},"author":1,"featured_media":0,"parent":0,"menu_order":0,"comment_status":"closed","ping_status":"closed","template":"page-default.php","meta":{"footnotes":""},"class_list":["post-305","page","type-page","status-publish","hentry"],"_links":{"self":[{"href":"https:\/\/www.lunacasino.com\/da-dk\/wp-json\/wp\/v2\/pages\/305","targetHints":{"allow":["GET"]}}],"collection":[{"href":"https:\/\/www.lunacasino.com\/da-dk\/wp-json\/wp\/v2\/pages"}],"about":[{"href":"https:\/\/www.lunacasino.com\/da-dk\/wp-json\/wp\/v2\/types\/page"}],"author":[{"embeddable":true,"href":"https:\/\/www.lunacasino.com\/da-dk\/wp-json\/wp\/v2\/users\/1"}],"replies":[{"embeddable":true,"href":"https:\/\/www.lunacasino.com\/da-dk\/wp-json\/wp\/v2\/comments?post=305"}],"version-history":[{"count":4,"href":"https:\/\/www.lunacasino.com\/da-dk\/wp-json\/wp\/v2\/pages\/305\/revisions"}],"predecessor-version":[{"id":482,"href":"https:\/\/www.lunacasino.com\/da-dk\/wp-json\/wp\/v2\/pages\/305\/revisions\/482"}],"wp:attachment":[{"href":"https:\/\/www.lunacasino.com\/da-dk\/wp-json\/wp\/v2\/media?parent=305"}],"curies":[{"name":"wp","href":"https:\/\/api.w.org\/{rel}","templated":true}]}}