{"id":305,"date":"2023-11-08T14:10:22","date_gmt":"2023-11-08T14:10:22","guid":{"rendered":"https:\/\/www.lunacasino.com\/nb-no\/\/?page_id=305"},"modified":"2024-02-27T08:40:50","modified_gmt":"2024-02-27T08:40:50","slug":"kontakt-oss","status":"publish","type":"page","link":"https:\/\/www.lunacasino.com\/nb-no\/kontakt-oss\/","title":{"rendered":"Kontakt oss"},"content":{"rendered":"\n<p>Du kan sende e-post til sp\u00f8rsm\u00e5l eller problemer du m\u00e5tte ha til:\u00a0<a href=\"mailto:support@lunacasino.com\">support@lunacasino.com<\/a><\/p>\n\n\n\n<p>Supportteamet v\u00e5rt venter p\u00e5 \u00e5 hjelpe deg slik at opplevelsen din p\u00e5 Luna Casino blir s\u00e5 hyggelig og problemfri som mulig.<\/p>\n\n\n\n<p>V\u00e6r oppmerksom p\u00e5 at st\u00f8tte for forskjellige spr\u00e5k ikke alltid vil v\u00e6re tilgjengelig 24\/7.<\/p>\n\n\n\n<p>Vi anbefaler at hvis du er i stand til det, vennligst skriv sp\u00f8rsm\u00e5let ditt p\u00e5 engelsk for \u00e5 motta et umiddelbart svar.<\/p>\n","protected":false},"excerpt":{"rendered":"<p>Du kan sende e-post til sp\u00f8rsm\u00e5l eller problemer du m\u00e5tte ha til:\u00a0support@lunacasino.com Supportteamet v\u00e5rt venter p\u00e5 \u00e5 hjelpe deg slik at opplevelsen din p\u00e5 Luna Casino blir s\u00e5 hyggelig og problemfri som mulig. V\u00e6r oppmerksom p\u00e5 at st\u00f8tte for forskjellige spr\u00e5k ikke alltid vil v\u00e6re tilgjengelig 24\/7. Vi anbefaler at hvis du er i stand [&hellip;]<\/p>\n","protected":false},"author":1,"featured_media":0,"parent":0,"menu_order":0,"comment_status":"closed","ping_status":"closed","template":"page-default.php","meta":{"footnotes":""},"class_list":["post-305","page","type-page","status-publish","hentry"],"_links":{"self":[{"href":"https:\/\/www.lunacasino.com\/nb-no\/wp-json\/wp\/v2\/pages\/305","targetHints":{"allow":["GET"]}}],"collection":[{"href":"https:\/\/www.lunacasino.com\/nb-no\/wp-json\/wp\/v2\/pages"}],"about":[{"href":"https:\/\/www.lunacasino.com\/nb-no\/wp-json\/wp\/v2\/types\/page"}],"author":[{"embeddable":true,"href":"https:\/\/www.lunacasino.com\/nb-no\/wp-json\/wp\/v2\/users\/1"}],"replies":[{"embeddable":true,"href":"https:\/\/www.lunacasino.com\/nb-no\/wp-json\/wp\/v2\/comments?post=305"}],"version-history":[{"count":4,"href":"https:\/\/www.lunacasino.com\/nb-no\/wp-json\/wp\/v2\/pages\/305\/revisions"}],"predecessor-version":[{"id":465,"href":"https:\/\/www.lunacasino.com\/nb-no\/wp-json\/wp\/v2\/pages\/305\/revisions\/465"}],"wp:attachment":[{"href":"https:\/\/www.lunacasino.com\/nb-no\/wp-json\/wp\/v2\/media?parent=305"}],"curies":[{"name":"wp","href":"https:\/\/api.w.org\/{rel}","templated":true}]}}