{"id":305,"date":"2023-11-08T14:10:22","date_gmt":"2023-11-08T14:10:22","guid":{"rendered":"https:\/\/lunacasino.mediacle.net\/?page_id=305"},"modified":"2024-02-28T05:43:48","modified_gmt":"2024-02-28T05:43:48","slug":"kontakta-oss","status":"publish","type":"page","link":"https:\/\/www.lunacasino.com\/sv-se\/kontakta-oss\/","title":{"rendered":"Kontakta oss"},"content":{"rendered":"\n<p>Du kan e-posta alla fr\u00e5gor eller problem du kan ha till: <a href=\"mailto:support@lunacasino.com\" target=\"_blank\" rel=\"noreferrer noopener\">support@lunacasino.com<\/a><\/p>\n\n\n\n<p>V\u00e5rt supportteam v\u00e4ntar p\u00e5 att hj\u00e4lpa dig s\u00e5 att din upplevelse hos Luna Casino blir s\u00e5 trevlig och problemfri som m\u00f6jligt.<\/p>\n\n\n\n<p>Observera att st\u00f6d f\u00f6r olika spr\u00e5k inte alltid \u00e4r tillg\u00e4ngligt dygnet runt.<\/p>\n\n\n\n<p>Vi rekommenderar att om du har m\u00f6jlighet, v\u00e4nligen skriv din fr\u00e5ga p\u00e5 engelska f\u00f6r att f\u00e5 ett omedelbart svar.<\/p>\n","protected":false},"excerpt":{"rendered":"<p>Du kan e-posta alla fr\u00e5gor eller problem du kan ha till: support@lunacasino.com V\u00e5rt supportteam v\u00e4ntar p\u00e5 att hj\u00e4lpa dig s\u00e5 att din upplevelse hos Luna Casino blir s\u00e5 trevlig och problemfri som m\u00f6jligt. Observera att st\u00f6d f\u00f6r olika spr\u00e5k inte alltid \u00e4r tillg\u00e4ngligt dygnet runt. Vi rekommenderar att om du har m\u00f6jlighet, v\u00e4nligen skriv din [&hellip;]<\/p>\n","protected":false},"author":1,"featured_media":0,"parent":0,"menu_order":0,"comment_status":"closed","ping_status":"closed","template":"page-default.php","meta":{"footnotes":""},"class_list":["post-305","page","type-page","status-publish","hentry"],"_links":{"self":[{"href":"https:\/\/www.lunacasino.com\/sv-se\/wp-json\/wp\/v2\/pages\/305","targetHints":{"allow":["GET"]}}],"collection":[{"href":"https:\/\/www.lunacasino.com\/sv-se\/wp-json\/wp\/v2\/pages"}],"about":[{"href":"https:\/\/www.lunacasino.com\/sv-se\/wp-json\/wp\/v2\/types\/page"}],"author":[{"embeddable":true,"href":"https:\/\/www.lunacasino.com\/sv-se\/wp-json\/wp\/v2\/users\/1"}],"replies":[{"embeddable":true,"href":"https:\/\/www.lunacasino.com\/sv-se\/wp-json\/wp\/v2\/comments?post=305"}],"version-history":[{"count":4,"href":"https:\/\/www.lunacasino.com\/sv-se\/wp-json\/wp\/v2\/pages\/305\/revisions"}],"predecessor-version":[{"id":515,"href":"https:\/\/www.lunacasino.com\/sv-se\/wp-json\/wp\/v2\/pages\/305\/revisions\/515"}],"wp:attachment":[{"href":"https:\/\/www.lunacasino.com\/sv-se\/wp-json\/wp\/v2\/media?parent=305"}],"curies":[{"name":"wp","href":"https:\/\/api.w.org\/{rel}","templated":true}]}}